{"id":399,"date":"2020-07-17T09:16:45","date_gmt":"2020-07-17T07:16:45","guid":{"rendered":"https:\/\/alsmg66.wordpress.com\/?page_id=399"},"modified":"2025-10-09T17:51:08","modified_gmt":"2025-10-09T15:51:08","slug":"foerderverein","status":"publish","type":"page","link":"https:\/\/www.als-mg.de\/index.php\/foerderverein\/","title":{"rendered":"F\u00f6rderverein"},"content":{"rendered":"\n<p><strong>Der F\u00f6rderverein der Astrid-Lindgren-Schule wurde 1986 von vier Eltern gegr\u00fcndet und besteht bis heute aus Eltern, deren Kinder diese Schule besuchen und Lehrerinnen, die sich \u00fcber Ihren Beruf hinaus, f\u00fcr die Kinder einsetzen wollen.<\/strong> <\/p>\n\n\n\n<p>Der F\u00f6rderverein versucht, \u00fcber Mitgliedsbeitr\u00e4ge, Sponsoren und Veranstaltungen finanzielle Mittel bereit zu stellen, um die schulische Ausbildung aller Sch\u00fclerinnen und Sch\u00fcler der Astrid-Lindgren-Grundschule zu unterst\u00fctzen.<\/p>\n\n\n\n<p>Wir helfen \u00fcberall da, wo in Zeiten knapper \u00f6ffentlicher Mittel die M\u00f6glichkeiten der Schule ausgesch\u00f6pft sind.<\/p>\n\n\n\n<h3>Was haben wir bisher erreicht?<\/h3>\n\n\n\n<p>Zirkusprojekt mit dem <strong>K\u00f6lner Spielecircus<\/strong><\/p>\n\n\n\n<p>Regelm\u00e4\u00dfige Beschaffung von <strong>B\u00fcchern f\u00fcr Schulbibliothek<\/strong><\/p>\n\n\n\n<p>Anschaffung <strong>digitaler Anzeigeger\u00e4te<\/strong> (TV) f\u00fcr die Klassenr\u00e4ume<\/p>\n\n\n\n<p>Kauf neuer <strong>Spielger\u00e4te f\u00fcr die Pausenausleihe<\/strong><\/p>\n\n\n\n<p>Beschaffung von <strong>F\u00f6rder- und Fordermaterialien<\/strong> (Rechenrahmen, Arbeitshefte f\u00fcr soziales Lernen, F\u00f6rder- und Forderkarteien) u.v.m.<\/p>\n\n\n\n<p><strong>Sie m\u00f6chten Mitglied werden?<\/strong><\/p>\n\n\n\n\n\n\n\n\n\n\n<p><\/p>\n\n\n\n\n<p><strong>Aktuelle<\/strong> <strong>Vorstandsmitglieder<\/strong> Stand: Schuljahr 2025\/2026<\/p>\n\n\n\n<ol><li>Sascha Camilli (Vorsitzender)<\/li><li> (stellv. Vorsitzende\/r)<\/li><li>Willi Lang (Kassiererin)<\/li><li>D. Harbers (Schriftf\u00fchrerin)<\/li><\/ol>\n\n\n\n<p><\/p>\n\n\n\n<p><\/p>\n\n\n\n<h4>Ein kleiner Beitrag mit gro\u00dfer Wirkung<\/h4>\n\n\n\n<p>Der Mitgliedsbeitrag betr\u00e4gt j\u00e4hrlich nur 12,00 \u20ac und ist pro Schuljahr zu entrichten. Er ist bis sp\u00e4testens zum 31.Oktober jeden Jahres auf folgendes Konto zu \u00fcberweisen:<\/p>\n\n\n\n<p><strong>Stadtsparkasse M\u00f6nchengladbach<\/strong><\/p>\n\n\n\n<p><strong>IBAN: &nbsp;DE08310500000000267104<\/strong><\/p>\n\n\n","protected":false},"excerpt":{"rendered":"<p>Der F\u00f6rderverein der Astrid-Lindgren-Schule wurde 1986 von vier Eltern gegr\u00fcndet und besteht bis heute aus Eltern, deren Kinder diese Schule besuchen und Lehrerinnen, die sich \u00fcber Ihren Beruf hinaus, f\u00fcr die Kinder einsetzen wollen. Der F\u00f6rderverein versucht, \u00fcber Mitgliedsbeitr\u00e4ge, Sponsoren und Veranstaltungen finanzielle Mittel bereit zu stellen, um die schulische Ausbildung aller Sch\u00fclerinnen und Sch\u00fcler &hellip; <a href=\"https:\/\/www.als-mg.de\/index.php\/foerderverein\/\" class=\"more-link\"><span class=\"screen-reader-text\">F\u00f6rderverein<\/span> weiterlesen<\/a><\/p>\n","protected":false},"author":2,"featured_media":0,"parent":0,"menu_order":0,"comment_status":"closed","ping_status":"closed","template":"","meta":[],"_links":{"self":[{"href":"https:\/\/www.als-mg.de\/index.php\/wp-json\/wp\/v2\/pages\/399"}],"collection":[{"href":"https:\/\/www.als-mg.de\/index.php\/wp-json\/wp\/v2\/pages"}],"about":[{"href":"https:\/\/www.als-mg.de\/index.php\/wp-json\/wp\/v2\/types\/page"}],"author":[{"embeddable":true,"href":"https:\/\/www.als-mg.de\/index.php\/wp-json\/wp\/v2\/users\/2"}],"replies":[{"embeddable":true,"href":"https:\/\/www.als-mg.de\/index.php\/wp-json\/wp\/v2\/comments?post=399"}],"version-history":[{"count":2,"href":"https:\/\/www.als-mg.de\/index.php\/wp-json\/wp\/v2\/pages\/399\/revisions"}],"predecessor-version":[{"id":1737,"href":"https:\/\/www.als-mg.de\/index.php\/wp-json\/wp\/v2\/pages\/399\/revisions\/1737"}],"wp:attachment":[{"href":"https:\/\/www.als-mg.de\/index.php\/wp-json\/wp\/v2\/media?parent=399"}],"curies":[{"name":"wp","href":"https:\/\/api.w.org\/{rel}","templated":true}]}}