{"id":351,"date":"2020-07-16T14:20:00","date_gmt":"2020-07-16T12:20:00","guid":{"rendered":"https:\/\/alsmg66.wordpress.com\/?page_id=9"},"modified":"2026-03-17T19:07:00","modified_gmt":"2026-03-17T18:07:00","slug":"about","status":"publish","type":"page","link":"https:\/\/www.als-mg.de\/index.php\/about\/","title":{"rendered":"Kontakt"},"content":{"rendered":"\n<div style=\"height:20px\" aria-hidden=\"true\" class=\"wp-block-spacer\"><\/div>\n\n\n\n<div class=\"wp-block-group alignfull\"><div class=\"wp-block-group__inner-container\">\n<div class=\"wp-block-jetpack-layout-grid alignfull column1-desktop-grid__span-3 column1-desktop-grid__start-2 column1-desktop-grid__row-1 column2-desktop-grid__span-6 column2-desktop-grid__start-6 column2-desktop-grid__row-1 column1-tablet-grid__span-3 column1-tablet-grid__row-1 column2-tablet-grid__span-5 column2-tablet-gristart-4 column2-tablet-grid__row-1 column1-mobile-grid__span-4 column1-mobile-grid__row-1 column2-mobile-grid__span-4 column2-mobile-grid__row-2\">\n<div class=\"wp-block-jetpack-layout-grid-column wp-block-jetpack-layout-grid__padding-none\">\n<div class=\"wp-block-group\"><div class=\"wp-block-group__inner-container\"><\/div><\/div>\n<p style=\"line-height:1;\"><strong>Astrid-Lindgren-Schule<\/strong><\/p>\n<p style=\"line-height:1;\">Schmidt-Bleibtreu-Str. 66<\/p>\n<p>41199 M\u00f6nchengladbach<\/p>\n<p style=\"line-height:1;\">Tel.: 02166-601321<\/p>\n<p style=\"line-height:1;\">Fax: 02166-961141<\/p>\n<p style=\"line-height:1;\">Mail: 105089@schule.nrw.de<\/p>\n<\/div>\n<div class=\"wp-block-jetpack-layout-grid-column wp-block-jetpack-layout-grid__padding-none\">\n<p><strong>Schulleitung:<\/strong><\/p>\n<figure class=\"wp-block-image size-large is-style-rounded\"><img src=\"http:\/\/temp.als-mg.de\/wp-content\/uploads\/2020\/07\/bildschirmfoto-2020-07-17-um-10.21.05.png?w=558\" alt=\"\" class=\"wp-image-418\"><\/figure>\n<p>Schulleiterin: Hannelore Jansen<\/p>\n<p>stellvertretende Schulleiterin: Denise Harbers<\/p>\n<div style=\"height:29px;\" aria-hidden=\"true\" class=\"wp-block-spacer\"><\/div>\n<p><strong>\u00d6ffnungszeiten des Sekretariats (Frau Gietzen):<\/strong><\/p>\n<p style=\"line-height:1;\">dienstags und donnerstags: 7.30 Uhr &#8211; 13.30 Uhr<\/p>\n<p style=\"line-height:1;\">freitags: 9.00 Uhr &#8211; 12.00 Uhr<\/p>\n<\/div>\n<\/div>\n<\/div><\/div>\n\n\n\n<p><strong>Datenschutzerkl\u00e4rung<\/strong><\/p>\n\n\n\n<p><strong>Allgemeiner Hinweis und Pflichtinformationen<\/strong><\/p>\n\n\n\n<p><strong>Benennung der verantwortlichen Stelle<\/strong><\/p>\n\n\n\n<p>Die verantwortliche Stelle f\u00fcr die Datenverarbeitung auf dieser Website ist:<\/p>\n\n\n\n<p>Astrid-Lindgren-Schule&nbsp;<br>Schulleitung<br>Schmidt-Bleibtreu-Str. 66<br>41199&nbsp;M\u00f6nchengladbach<\/p>\n\n\n\n<p>Die verantwortliche Stelle entscheidet allein oder gemeinsam mit anderen \u00fcber die Zwecke und Mittel der Verarbeitung von personenbezogenen Daten (z.B. Namen, Kontaktdaten o. \u00c4.).<\/p>\n\n\n\n<p><strong>Widerruf Ihrer Einwilligung zur Datenverarbeitung<\/strong><\/p>\n\n\n\n<p>Nur mit Ihrer ausdr\u00fccklichen Einwilligung sind einige Vorg\u00e4nge der Datenverarbeitung m\u00f6glich. Ein Widerruf Ihrer bereits erteilten Einwilligung ist jederzeit m\u00f6glich. F\u00fcr den Widerruf gen\u00fcgt eine formlose Mitteilung per E-Mail. Die Rechtm\u00e4\u00dfigkeit der bis zum Widerruf erfolgten Datenverarbeitung bleibt vom Widerruf unber\u00fchrt.<\/p>\n\n\n\n<p><strong>Recht auf Beschwerde bei der zust\u00e4ndigen Aufsichtsbeh\u00f6rde<\/strong><\/p>\n\n\n\n<p>Als Betroffener steht Ihnen im Falle eines datenschutzrechtlichen Versto\u00dfes ein Beschwerderecht bei der zust\u00e4ndigen Aufsichtsbeh\u00f6rde zu. Zust\u00e4ndige Aufsichtsbeh\u00f6rde bez\u00fcglich datenschutzrechtlicher Fragen ist der Landesdatenschutzbeauftragte des Bundeslandes, in dem sich der Sitz unseres Unternehmens befindet. Der folgende Link stellt eine Liste der Datenschutzbeauftragten sowie deren Kontaktdaten bereit:&nbsp;<a href=\"https:\/\/www.bfdi.bund.de\/DE\/Infothek\/Anschriften_Links\/anschriften_links-node.html\" target=\"_blank\" rel=\"noreferrer noopener\">https:\/\/www.bfdi.bund.de\/DE\/Infothek\/Anschriften_Links\/anschriften_links-node.html<\/a>.<\/p>\n\n\n\n<p><strong>Recht auf Daten\u00fcbertragbarkeit<\/strong><\/p>\n\n\n\n<p>Ihnen steht das Recht zu, Daten, die wir auf Grundlage Ihrer Einwilligung oder in Erf\u00fcllung eines Vertrags automatisiert verarbeiten, an sich oder an Dritte aush\u00e4ndigen zu lassen. Die Bereitstellung erfolgt in einem maschinenlesbaren Format. Sofern Sie die direkte \u00dcbertragung der Daten an einen anderen Verantwortlichen verlangen, erfolgt dies nur, soweit es technisch machbar ist.<\/p>\n\n\n\n<p><strong>Recht auf Auskunft, Berichtigung, Sperrung, L\u00f6schung<\/strong><\/p>\n\n\n\n<p>Sie haben jederzeit im Rahmen der geltenden gesetzlichen Bestimmungen das Recht auf unentgeltliche Auskunft \u00fcber Ihre gespeicherten personenbezogenen Daten, Herkunft der Daten, deren Empf\u00e4nger und den Zweck der Datenverarbeitung und ggf. ein Recht auf Berichtigung, Sperrung oder L\u00f6schung dieser Daten. Diesbez\u00fcglich und auch zu weiteren Fragen zum Thema personenbezogene Daten k\u00f6nnen Sie sich jederzeit \u00fcber die im Impressum aufgef\u00fchrten Kontaktm\u00f6glichkeiten an uns wenden.<\/p>\n\n\n\n<p><strong>SSL- bzw. TLS-Verschl\u00fcsselung<\/strong><\/p>\n\n\n\n<p>Aus Sicherheitsgr\u00fcnden und zum Schutz der \u00dcbertragung vertraulicher Inhalte, die Sie an uns als Seitenbetreiber senden, nutzt unsere Website eine SSL-bzw. TLS-Verschl\u00fcsselung. Damit sind Daten, die Sie \u00fcber diese Website \u00fcbermitteln, f\u00fcr Dritte nicht mitlesbar. Sie erkennen eine verschl\u00fcsselte Verbindung an der \u201ehttps:\/\/\u201c Adresszeile Ihres Browsers und am Schloss-Symbol in der Browserzeile.<\/p>\n\n\n\n<p><strong>Vimeo<\/strong><\/p>\n\n\n\n<p>F\u00fcr Integration und Darstellung von Videoinhalten nutzt unsere Website Plugins von Vimeo. Anbieter des Videoportals ist die Vimeo Inc., 555 West 18th Street, New York, New York 10011, USA.<\/p>\n\n\n\n<p>Bei Aufruf einer Seite mit integriertem Vimeo-Plugin wird eine Verbindung zu den Servern von Vimeo hergestellt. Vimeo erf\u00e4hrt hierdurch, welche unserer Seiten Sie aufgerufen haben. Vimeo erf\u00e4hrt Ihre IP-Adresse, selbst wenn Sie nicht beim Videoportal eingeloggt sind oder dort kein Konto besitzen. Es erfolgt eine \u00dcbermittlung der von Vimeo erfassten Informationen an Server des Videoportals in den USA.<\/p>\n\n\n\n<p>Vimeo kann Ihr Surfverhalten direkt Ihrem pers\u00f6nlichen Profil zuordnen. Durch vorheriges Ausloggen haben Sie die M\u00f6glichkeit, dies zu unterbinden.<\/p>\n\n\n\n<p>Einzelheiten zum Umgang mit Nutzerdaten finden Sie in der Datenschutzerkl\u00e4rung von Vimeo unter:&nbsp;<a href=\"https:\/\/vimeo.com\/privacy\">https:\/\/vimeo.com\/privacy<\/a>.<\/p>\n\n\n\n<p><strong>IMPRESSUM<\/strong><\/p>\n\n\n\n<p><strong>Astrid-Lindgren-Schule (Gemeinschaftsgrundschule)<\/strong><\/p>\n\n\n\n<p>Schmidt-Bleibtreu-Str. 66<\/p>\n\n\n\n<p>41199 M\u00f6nchengladbach<\/p>\n\n\n\n<p>Telefon: (02166) 601321<\/p>\n\n\n\n<p>Telefax:  02166\/961141<\/p>\n\n\n\n<p>E-Mail:&nbsp;<a href=\"mailto:info@als-mg.de\">info@als-mg.de<\/a><\/p>\n\n\n\n<p>Schulleiterin: Hannelore Jansen<\/p>\n\n\n\n<p>Ansprechpartnerin f\u00fcr das Internet: Denise Harbers<\/p>\n\n\n\n<p>\u2014\u2014\u2014\u2014\u2014\u2014\u2014\u2014\u2014\u2014\u2014\u2014\u2014\u2014\u2014\u2014\u2014\u2014\u2014\u2014\u2014\u2014\u2014\u2014\u2014\u2014\u2014\u2014\u2014\u2014\u2014\u2014\u2014\u2014\u2014\u2014\u2014\u2014\u2014\u2014\u2014\u2014\u2014\u2014\u2014\u2014\u2014\u2014<\/p>\n\n\n\n<p>Hinweise zu Links<\/p>\n\n\n\n<p>Als Inhaltsanbieter sind wir nach \u00a7 8 Abs. 1 des Teledienstegesetzes vom 22.07.1997 in der Fassung der letzten \u00c4nderung vom 14.12.2001 (TDG) f\u00fcr die \u201eeigenen Inhalte\u201c, die wir zur Nutzung bereithalten, nach den allgemeinen Gesetzen verantwortlich. Von dieses eigenen Inhalten sind Querverweise (\u201eLinks\u201c) auf die von anderen Anbieterinnen und Anbietern bereithgehaltenen Inhalte&nbsp;zu unterscheiden. F\u00fcr diese fremden Inhalte sind wir nur dann verantwortlich, wenn wir von ihnen (d.h. auch von einem rechtswidrigen bzw. strafbaren Inhalt) positive Kenntnis haben und es uns technisch m\u00f6glich ist, deren Nutzung zu verhindern.<\/p>\n\n\n\n<p>Bei \u201eLinks\u201c handelt es sich um dynamische Verweisungen. Wir haben bei der erstmaligen Verkn\u00fcpfung den fremden Inhalt daraufhin \u00fcberpr\u00fcft. Wir sind aber laut TDG nicht verpflichtet, die Inhalte, auf die wir per \u201eLink\u201c verweisen, st\u00e4ndig auf Ver\u00e4nderungen&nbsp;zu \u00fcberpr\u00fcfen, die eine Verantwortlichkeit neu begr\u00fcnden k\u00f6nnten (\u00a7 8 Abs. 2). Erst wenn wir feststellen oder darauf hingewiesen werden, dass ein Angebot, zu dem wir einen \u201eLink\u201c bereitgestellt haben, eine zivil- oder strafrechtliche Verantwortung ausl\u00f6st, werden wir den \u201eLink\u201c aufheben, soweit uns dies technisch m\u00f6glich und zumutbar ist.<\/p>\n","protected":false},"excerpt":{"rendered":"<p>Astrid-Lindgren-Schule Schmidt-Bleibtreu-Str. 66 41199 M\u00f6nchengladbach Tel.: 02166-601321 Fax: 02166-961141 Mail: 105089@schule.nrw.de Schulleitung: Schulleiterin: Hannelore Jansen stellvertretende Schulleiterin: Denise Harbers \u00d6ffnungszeiten des Sekretariats (Frau Gietzen): dienstags und donnerstags: 7.30 Uhr &#8211; 13.30 Uhr freitags: 9.00 Uhr &#8211; 12.00 Uhr Datenschutzerkl\u00e4rung Allgemeiner Hinweis und Pflichtinformationen Benennung der verantwortlichen Stelle Die verantwortliche Stelle f\u00fcr die Datenverarbeitung auf dieser &hellip; <a href=\"https:\/\/www.als-mg.de\/index.php\/about\/\" class=\"more-link\"><span class=\"screen-reader-text\">Kontakt<\/span> weiterlesen<\/a><\/p>\n","protected":false},"author":2,"featured_media":0,"parent":0,"menu_order":0,"comment_status":"closed","ping_status":"closed","template":"","meta":[],"_links":{"self":[{"href":"https:\/\/www.als-mg.de\/index.php\/wp-json\/wp\/v2\/pages\/351"}],"collection":[{"href":"https:\/\/www.als-mg.de\/index.php\/wp-json\/wp\/v2\/pages"}],"about":[{"href":"https:\/\/www.als-mg.de\/index.php\/wp-json\/wp\/v2\/types\/page"}],"author":[{"embeddable":true,"href":"https:\/\/www.als-mg.de\/index.php\/wp-json\/wp\/v2\/users\/2"}],"replies":[{"embeddable":true,"href":"https:\/\/www.als-mg.de\/index.php\/wp-json\/wp\/v2\/comments?post=351"}],"version-history":[{"count":9,"href":"https:\/\/www.als-mg.de\/index.php\/wp-json\/wp\/v2\/pages\/351\/revisions"}],"predecessor-version":[{"id":1763,"href":"https:\/\/www.als-mg.de\/index.php\/wp-json\/wp\/v2\/pages\/351\/revisions\/1763"}],"wp:attachment":[{"href":"https:\/\/www.als-mg.de\/index.php\/wp-json\/wp\/v2\/media?parent=351"}],"curies":[{"name":"wp","href":"https:\/\/api.w.org\/{rel}","templated":true}]}}