{"id":8,"date":"2020-07-01T14:20:44","date_gmt":"2020-07-01T12:20:44","guid":{"rendered":"https:\/\/alsmg66.wordpress.com\/?page_id=7"},"modified":"2026-05-04T12:27:53","modified_gmt":"2026-05-04T10:27:53","slug":"termine","status":"publish","type":"page","link":"http:\/\/www.als-mg.de\/index.php\/termine\/","title":{"rendered":"Termine 2. Halbjahr 2025\/2026"},"content":{"rendered":"\n<p><strong>Februar 202<\/strong>6<\/p>\n\n\n\n<figure class=\"wp-block-table is-style-stripes\"><table class=\"has-fixed-layout\"><tbody><tr><td>Fr. 06.02.2026                                                                       <\/td><td>Zeugnisausgabe f\u00fcr die 3. und 4. Klassen<\/td><\/tr><tr><td>Do, 12.02.2026 <\/td><td>Altweiber &#8211; Unterricht bis 11.11 Uhr<\/td><\/tr><tr><td>Fr, 13.02.2026                                                                         <\/td><td>Freitag nach Altweiber &#8211; Unterricht bis 11.30 Uhr<\/td><\/tr><tr><td>Mo\/Di, 16.\/17.02.2026<\/td><td>unterrichtsfrei &#8211; Rosenmontag \/ Veilchendienstag <br><strong>(keine OGS)<\/strong><\/td><\/tr><tr><td>Mo\/Di, 23.\/24.02.2026<\/td><td>Einschulungsparcours f\u00fcr die Schulneulinge &#8211; Unterricht bis 12.35 Uhr<\/td><\/tr><\/tbody><\/table><\/figure>\n\n\n\n<p><strong>M\u00e4rz 2026<\/strong><\/p>\n\n\n\n<figure class=\"wp-block-table is-style-stripes\"><table><tbody><tr><td>Di, 24.03.2026                                                                          p\u00e4d. Ganztag mit Lehrkr\u00e4ften und OGS-Team <br>                                                                                              <strong>  (keine OGS)<\/strong><\/td><td><\/td><\/tr><tr><td>Mo, 30.03. &#8211; Fr. 10.04.2026                                                     OSTERFERIEN <strong>(OGS bis 02.04. ge\u00f6ffnet)<\/strong><\/td><td><\/td><\/tr><\/tbody><\/table><\/figure>\n\n\n\n<p><strong>April 2026<\/strong><\/p>\n\n\n\n<figure class=\"wp-block-table is-style-stripes\"><table><tbody><tr><td>Mo, 13.04. &#8211; Mi, 15.04.2026                                                      Autorenlesungen mit Guido Kasmann in allen <br>                                                                                                 Jahrg\u00e4ngen<\/td><td><\/td><\/tr><tr><td>Mo, 20.04. &#8211; Do, 30.04.2026                                                     Elternsprechtage der Klassen 1 &#8211; 3 <\/td><td><\/td><\/tr><tr><td>Mi, 20.04. &#8211; Fr, 08.05.2026                                                        VERA 3  &#8211; Vergleichsarbeiten NRW (genaue Termine<br>                                                                                                 werden noch bekannt gegeben)<\/td><td><\/td><\/tr><\/tbody><\/table><\/figure>\n\n\n\n<p><strong>Mai 2026<\/strong><\/p>\n\n\n\n<figure class=\"wp-block-table is-style-stripes\"><table><tbody><tr><td>Fr, 01.05.2026                                                                           Maifeiertag &#8211; unterrichtsfrei <strong>(keine OGS)<\/strong><\/td><td><\/td><\/tr><tr><td>Do, 14.05.2026                                                                         Christi Himmelfahrt &#8211; unterrichtsfrei <strong>(keine OGS)<\/strong> <\/td><td><\/td><\/tr><tr><td>Fr, 15.05.2026                                                                           beweglicher Ferientag &#8211; unterrichtsfrei <br>                                                                                                 <strong>(OGS ge\u00f6ffnet)<\/strong><\/td><td><\/td><\/tr><tr><td>Mi, 20.05.2026                                                                          NRW Young Stars (Leichtathletikwettbewerb f\u00fcr                     <br>                                                                                                  einzelne Sch\u00fcler*innen der 3. und 4. Klassen)<\/td><td><\/td><\/tr><tr><td>Mo, 25.05.2026                                                                         Pfingstmontag &#8211; unterrichtsfrei <strong>(keine OGS)<\/strong><\/td><td><\/td><\/tr><tr><td>Di, 26.05.2026                                                                           Pfingstferien &#8211; unterrichtsfrei <strong>(OGS ge\u00f6ffnet)<\/strong><\/td><td><\/td><\/tr><tr><td>Mi, 27.05. &#8211; Fr, 29.05.2026                                                        Radfahrtraining der 4. Klassen <\/td><td><\/td><\/tr><\/tbody><\/table><\/figure>\n\n\n\n<p><strong>Juni 2026<\/strong><\/p>\n\n\n\n<figure class=\"wp-block-table is-style-stripes\"><table class=\"has-fixed-layout\"><tbody><tr><td>Do, 04.06.2026                                                                           Fronleichnam &#8211; unterrichtsfrei <strong>(keine OGS)<\/strong>  <\/td><\/tr><tr><td><\/td><\/tr><tr><td>Fr, 05.06.2026                                                                            beweglicher Ferientag &#8211; unterrichtsfrei <strong>(keine OGS)<\/strong><\/td><\/tr><tr><td>Di, 16.06.2026                                                                            p\u00e4d. Ganztag des Lehrerkollegiums <br>                                                                                                   Thema: Classroommanagement  <strong>(OGS ge\u00f6ffnet)<\/strong><\/td><\/tr><\/tbody><\/table><\/figure>\n\n\n\n<p><strong>Juli 2026<\/strong><\/p>\n\n\n\n<figure class=\"wp-block-table is-style-stripes\"><table><tbody><tr><td>Mi, 08.07.2026                                                                           Informationsabend f\u00fcr die Eltern der Schulneulinge                                                                                       <br>                                                                                                  19.00 Uhr<\/td><td><\/td><\/tr><tr><td>Freitag, 17.07.2026                                                                    Zeugnisausgabe f\u00fcr die Klassen 1 &#8211; 4 <br>                                                                                                  Unterricht von 8.00 Uhr &#8211; 10.45 Uhr <\/td><td><\/td><\/tr><tr><td>Mo, 20.07. &#8211; Di, 01.09.2026                                                        Sommerferien in NRW<\/td><td><\/td><\/tr><\/tbody><\/table><\/figure>\n\n\n\n<p><strong>September 2026<\/strong><\/p>\n\n\n\n<figure class=\"wp-block-table is-style-stripes\"><table><tbody><tr><td>Mi, 02.09.2026                                                                         erster Schultag nach den Sommerferien f\u00fcr die                       <br>                                                                                                Klassen 2 &#8211; 4 \/ Unterricht bis 11.30 Uhr<br>                                 <\/td><td><\/td><\/tr><tr><td>Do, 03.09.2026                                                                        Einschulungsfeier f\u00fcr die neuen Erstkl\u00e4ssler <br>                                                                                                um 10.00 Uhr<\/td><td><\/td><\/tr><\/tbody><\/table><\/figure>\n\n\n\n<p><strong>November 2026<\/strong><\/p>\n\n\n\n<figure class=\"wp-block-table is-style-stripes\"><table><tbody><tr><td>Do, 05.11.2026                                                                       Laternenausstellung und Martinszug der <br>                                                                                               Astrid-Lindgren-Schule                                                              <\/td><td><\/td><\/tr><\/tbody><\/table><\/figure>\n","protected":false},"excerpt":{"rendered":"<p>Februar 2026 Fr. 06.02.2026 Zeugnisausgabe f\u00fcr die 3. und 4. Klassen Do, 12.02.2026 Altweiber &#8211; Unterricht bis 11.11 Uhr Fr, 13.02.2026 Freitag nach Altweiber &#8211; Unterricht bis 11.30 Uhr Mo\/Di, 16.\/17.02.2026 unterrichtsfrei &#8211; Rosenmontag \/ Veilchendienstag (keine OGS) Mo\/Di, 23.\/24.02.2026 Einschulungsparcours f\u00fcr die Schulneulinge &#8211; Unterricht bis 12.35 Uhr M\u00e4rz 2026 Di, 24.03.2026 p\u00e4d. Ganztag &hellip; <a href=\"http:\/\/www.als-mg.de\/index.php\/termine\/\" class=\"more-link\"><span class=\"screen-reader-text\">Termine 2. Halbjahr 2025\/2026<\/span> weiterlesen<\/a><\/p>\n","protected":false},"author":2,"featured_media":0,"parent":0,"menu_order":0,"comment_status":"closed","ping_status":"closed","template":"","meta":[],"_links":{"self":[{"href":"http:\/\/www.als-mg.de\/index.php\/wp-json\/wp\/v2\/pages\/8"}],"collection":[{"href":"http:\/\/www.als-mg.de\/index.php\/wp-json\/wp\/v2\/pages"}],"about":[{"href":"http:\/\/www.als-mg.de\/index.php\/wp-json\/wp\/v2\/types\/page"}],"author":[{"embeddable":true,"href":"http:\/\/www.als-mg.de\/index.php\/wp-json\/wp\/v2\/users\/2"}],"replies":[{"embeddable":true,"href":"http:\/\/www.als-mg.de\/index.php\/wp-json\/wp\/v2\/comments?post=8"}],"version-history":[{"count":49,"href":"http:\/\/www.als-mg.de\/index.php\/wp-json\/wp\/v2\/pages\/8\/revisions"}],"predecessor-version":[{"id":1769,"href":"http:\/\/www.als-mg.de\/index.php\/wp-json\/wp\/v2\/pages\/8\/revisions\/1769"}],"wp:attachment":[{"href":"http:\/\/www.als-mg.de\/index.php\/wp-json\/wp\/v2\/media?parent=8"}],"curies":[{"name":"wp","href":"https:\/\/api.w.org\/{rel}","templated":true}]}}