{"id":291,"date":"2020-07-04T13:15:47","date_gmt":"2020-07-04T11:15:47","guid":{"rendered":"https:\/\/alsmg66.wordpress.com\/?page_id=291"},"modified":"2020-08-10T23:08:44","modified_gmt":"2020-08-10T21:08:44","slug":"pausengestaltung","status":"publish","type":"page","link":"http:\/\/www.als-mg.de\/index.php\/pausengestaltung\/","title":{"rendered":"Pausengestaltung"},"content":{"rendered":"\n<div class=\"wp-block-columns\">\n<div class=\"wp-block-column\" style=\"flex-basis:66.66%\">\n<p>Unser Pausenkonzept bietet den Kindern den n\u00f6tigen Bewegungsfreiraum sowie zus\u00e4tzliche Spielm\u00f6glichkeiten auf dem Schulhof. <\/p>\n\n\n\n<p>W\u00e4hrend um 9.30 Uhr die Sch\u00fclerInnen der 1. und 2. Klassen in den Klassenr\u00e4umen fr\u00fchst\u00fccken, findet die Hofpause f\u00fcr die Klassen 3 und 4 auf dem Schulhof statt. Anschlie\u00dfend wird gewechselt. So steht den Kindern mehr Platz zum Spielen zur Verf\u00fcgung und an der Spielzeug-Ausleihstation geht es mit dem Ausleihen viel schneller. <\/p>\n\n\n\n<p>Zus\u00e4tzlich zur Hofpause wird eine alternative Spielepause im Schulgeb\u00e4ude angeboten. Dort k\u00f6nnen Sch\u00fclerInnen, denen eine Pause in ruhiger Atmosph\u00e4re am Vormittag gut tut, Brett- und Kartenspiele spielen, ein Buch lesen, mit Lego bauen oder sich einfach nur ausruhen.<\/p>\n\n\n\n<figure class=\"wp-block-table\"><table><tbody><tr><td><\/td><td><strong>9.30 Uhr  &#8211; 9.45 Uhr<\/strong><\/td><td><strong>9.45 Uhr  &#8211; 10.00 Uhr<\/strong><\/td><\/tr><tr><td><strong>Klassen 1 und 2<\/strong><\/td><td>Fr\u00fchst\u00fcckspause <\/td><td>Hofpause<\/td><\/tr><tr><td><strong>Klassen 3 und 4<\/strong><\/td><td>Hofpause<\/td><td>Fr\u00fchst\u00fcckspause<\/td><\/tr><\/tbody><\/table><\/figure>\n<\/div>\n\n\n\n<div class=\"wp-block-column\" style=\"flex-basis:33.33%\">\n<figure class=\"wp-block-image\"><img alt=\"\"\/><\/figure>\n<\/div>\n<\/div>\n","protected":false},"excerpt":{"rendered":"<p>Unser Pausenkonzept bietet den Kindern den n\u00f6tigen Bewegungsfreiraum sowie zus\u00e4tzliche Spielm\u00f6glichkeiten auf dem Schulhof. W\u00e4hrend um 9.30 Uhr die Sch\u00fclerInnen der 1. und 2. Klassen in den Klassenr\u00e4umen fr\u00fchst\u00fccken, findet die Hofpause f\u00fcr die Klassen 3 und 4 auf dem Schulhof statt. Anschlie\u00dfend wird gewechselt. So steht den Kindern mehr Platz zum Spielen zur Verf\u00fcgung &hellip; <a href=\"http:\/\/www.als-mg.de\/index.php\/pausengestaltung\/\" class=\"more-link\"><span class=\"screen-reader-text\">Pausengestaltung<\/span> weiterlesen<\/a><\/p>\n","protected":false},"author":2,"featured_media":0,"parent":0,"menu_order":0,"comment_status":"closed","ping_status":"closed","template":"","meta":[],"_links":{"self":[{"href":"http:\/\/www.als-mg.de\/index.php\/wp-json\/wp\/v2\/pages\/291"}],"collection":[{"href":"http:\/\/www.als-mg.de\/index.php\/wp-json\/wp\/v2\/pages"}],"about":[{"href":"http:\/\/www.als-mg.de\/index.php\/wp-json\/wp\/v2\/types\/page"}],"author":[{"embeddable":true,"href":"http:\/\/www.als-mg.de\/index.php\/wp-json\/wp\/v2\/users\/2"}],"replies":[{"embeddable":true,"href":"http:\/\/www.als-mg.de\/index.php\/wp-json\/wp\/v2\/comments?post=291"}],"version-history":[{"count":3,"href":"http:\/\/www.als-mg.de\/index.php\/wp-json\/wp\/v2\/pages\/291\/revisions"}],"predecessor-version":[{"id":678,"href":"http:\/\/www.als-mg.de\/index.php\/wp-json\/wp\/v2\/pages\/291\/revisions\/678"}],"wp:attachment":[{"href":"http:\/\/www.als-mg.de\/index.php\/wp-json\/wp\/v2\/media?parent=291"}],"curies":[{"name":"wp","href":"https:\/\/api.w.org\/{rel}","templated":true}]}}