{"id":290,"date":"2020-07-04T13:15:47","date_gmt":"2020-07-04T11:15:47","guid":{"rendered":"https:\/\/alsmg66.wordpress.com\/?page_id=290"},"modified":"2025-09-26T13:34:25","modified_gmt":"2025-09-26T11:34:25","slug":"projekte-und-ags","status":"publish","type":"page","link":"http:\/\/www.als-mg.de\/index.php\/projekte-und-ags\/","title":{"rendered":"Projekte und AGs"},"content":{"rendered":"\n<p class=\"has-medium-font-size\">Die 4c erkl\u00e4rt die Kinderrechte!<\/p>\n\n\n\n<p class=\"has-small-font-size\"> Kinderrechte sind wichtig und gelten f\u00fcr jedes Kind. Daher sollte auch jedes Kind \u00fcber diese Rechte Bescheid wissen. Die Klasse 4c erkl\u00e4rt euch daher einmal die Kinderrechte.<\/p>\n\n\n\n<figure class=\"wp-block-embed is-type-video is-provider-youtube wp-block-embed-youtube wp-embed-aspect-16-9 wp-has-aspect-ratio\"><div class=\"wp-block-embed__wrapper\">\n<iframe loading=\"lazy\" title=\"Video Kinderrechte\" width=\"863\" height=\"485\" src=\"https:\/\/www.youtube.com\/embed\/zSf14cNxY_I?feature=oembed\" frameborder=\"0\" allow=\"accelerometer; autoplay; clipboard-write; encrypted-media; gyroscope; picture-in-picture; web-share\" referrerpolicy=\"strict-origin-when-cross-origin\" allowfullscreen><\/iframe>\n<\/div><\/figure>\n","protected":false},"excerpt":{"rendered":"<p>Die 4c erkl\u00e4rt die Kinderrechte! Kinderrechte sind wichtig und gelten f\u00fcr jedes Kind. Daher sollte auch jedes Kind \u00fcber diese Rechte Bescheid wissen. Die Klasse 4c erkl\u00e4rt euch daher einmal die Kinderrechte.<\/p>\n","protected":false},"author":2,"featured_media":0,"parent":0,"menu_order":0,"comment_status":"closed","ping_status":"closed","template":"","meta":[],"_links":{"self":[{"href":"http:\/\/www.als-mg.de\/index.php\/wp-json\/wp\/v2\/pages\/290"}],"collection":[{"href":"http:\/\/www.als-mg.de\/index.php\/wp-json\/wp\/v2\/pages"}],"about":[{"href":"http:\/\/www.als-mg.de\/index.php\/wp-json\/wp\/v2\/types\/page"}],"author":[{"embeddable":true,"href":"http:\/\/www.als-mg.de\/index.php\/wp-json\/wp\/v2\/users\/2"}],"replies":[{"embeddable":true,"href":"http:\/\/www.als-mg.de\/index.php\/wp-json\/wp\/v2\/comments?post=290"}],"version-history":[{"count":1,"href":"http:\/\/www.als-mg.de\/index.php\/wp-json\/wp\/v2\/pages\/290\/revisions"}],"predecessor-version":[{"id":1731,"href":"http:\/\/www.als-mg.de\/index.php\/wp-json\/wp\/v2\/pages\/290\/revisions\/1731"}],"wp:attachment":[{"href":"http:\/\/www.als-mg.de\/index.php\/wp-json\/wp\/v2\/media?parent=290"}],"curies":[{"name":"wp","href":"https:\/\/api.w.org\/{rel}","templated":true}]}}