{"id":140,"date":"2020-07-02T21:05:37","date_gmt":"2020-07-02T19:05:37","guid":{"rendered":"https:\/\/alsmg66.wordpress.com\/?page_id=140"},"modified":"2020-07-02T21:05:37","modified_gmt":"2020-07-02T19:05:37","slug":"ueber-astrid-lindgren","status":"publish","type":"page","link":"http:\/\/www.als-mg.de\/index.php\/ueber-astrid-lindgren\/","title":{"rendered":"\u00dcber Astrid-Lindgren"},"content":{"rendered":"\n<div class=\"wp-block-image\"><figure class=\"alignright is-resized\"><a href=\"http:\/\/upload.wikimedia.org\/wikipedia\/commons\/5\/5a\/Lindgren_1960.jpg\"><img loading=\"lazy\" src=\"http:\/\/upload.wikimedia.org\/wikipedia\/commons\/thumb\/5\/5a\/Lindgren_1960.jpg\/120px-Lindgren_1960.jpg\" alt=\"Thumbnail for version as of 08:11, 16 August 2008\" width=\"225\" height=\"178\" \/><\/a><\/figure><\/div>\n\n\n\n<div class=\"wp-block-group\"><div class=\"wp-block-group__inner-container\">\n<p class=\"has-text-align-left has-normal-font-size\"><strong>Zur Namenspatronin Astrid&nbsp;Lindgren<\/strong><\/p>\n\n\n\n<p class=\"has-normal-font-size\">Die schwedische Schriftstellerin Astrid Lindgren (* 14.11.1907 \u2013 &nbsp;\u2020 28.01.2002) wurde in N\u00e4s in der N\u00e4he von Vimmerby \/ Sm\u00e5land geboren. Sie gilt als ber\u00fchmteste Kinderbuchautorin der Welt und schrieb, obwohl sie erst mit 37 Jahren mit dem Schreiben von Kinderb\u00fcchern angefangen hat, mehr als siebzig Bilder-, Kinder und Jugendb\u00fccher. Zu den wohl bekanntesten B\u00fcchern geh\u00f6ren \u201ePippi Langstrumpf\u201c, \u201eKarlsson vom Dach\u201c, \u201eMichel aus L\u00f6nneberga\u201c, \u201eDie Kinder aus Bullerb\u00fc\u201c. Das bekannteste Buch \u201ePippi Langstrumpf\u201c verbreitete sich \u00fcber 40 Millionen Mal in der ganzen Welt.<\/p>\n\n\n\n<p>Die Figuren, die sie sich ausdachte, sind alle ein St\u00fcck von ihr selbst oder von Menschen, die sie einmal kannte. Erinnerungen an ihre eigene, gl\u00fcckliche Kindheit auf dem&nbsp;Bauernhof spiegeln sich in vielen ihrer Geschichten wieder. <\/p>\n\n\n\n<p>Aber nicht nur die&nbsp;heile Welt war es, die Astrid Lindgrens Kinderb\u00fccher so ber\u00fchmt machte. Auch ernste Themen, wie Not, Gewalt und Tod sparte sie nicht aus. Sie verstand es, in Geschichten wie \u201eDie Br\u00fcder L\u00f6wenherz\u201c oder \u201eMio mein Mio\u201c durch ihren sensiblen Umgang mit den dunklen Seiten des Lebens die Herzen ihrer kleinen Leser zu r\u00fchren, ohne sie zu verst\u00f6ren.<\/p>\n\n\n\n<p>Astrid Lindgren hat sich in ihrem Leben immer wieder f\u00fcr den Frieden und die Rechte von Schw\u00e4cheren eingesetzt. 1978 wurde ihr als erste Kinderbuchautorin der Friedenspreis des Deutschen Buchhandels verliehen. Anl\u00e4sslich der Verleihung hielt sie eine Rede unter dem Motto \u201eNiemals Gewalt\u201c in der Frankfurter Paulskirche. &nbsp;<\/p>\n\n\n\n<p>Ihre Botschaft war:<\/p>\n\n\n\n<p><strong><em>Respekt vor Kindern in Freiheit und Geborgenheit<\/em><\/strong><\/p>\n\n\n\n<p><em>\u201eFreie und unautorit\u00e4re Erziehung bedeutet nicht, dass man die Kinder sich selbst \u00fcberl\u00e4sst. Verhaltensnormen brauchen wir alle, Kinder und Erwachsene, und durch das Beispiel ihrer Eltern lernen die Kinder mehr, als durch irgendwelche anderen Methoden\u201c, so Lindgren \u00fcber ihre Vorstellung von Erziehung.<\/em><\/p>\n\n\n\n<p><em>&nbsp;\u201eDie jetzt Kinder sind, sind es, die \u00fcber Krieg und Frieden bestimmen werden und dar\u00fcber, in was f\u00fcr einer Gesellschaft sie leben wollen. In einer, wo die Gewalt nur st\u00e4ndig weiter w\u00e4chst, oder in einer, wo die Menschen in Frieden und Eintracht miteinander leben.\u201c<\/em><\/p>\n\n\n\n<p>Am 28.1.2002 verstarb Astrid Lindgren im Alter von 94 Jahren in Stockholm.<\/p>\n<\/div><\/div>\n\n\n\n<div class=\"wp-block-jetpack-layout-grid alignfull column1-desktop-grid__span-12 column1-desktop-grid__row-1 column1-tablet-grid__span-8 column1-tablet-grid__row-1 column1-mobile-grid__span-4 column1-mobile-grid__row-1\">\n<div class=\"wp-block-jetpack-layout-grid-column wp-block-jetpack-layout-grid__padding-none\">\n<h1 class=\"has-text-align-center\"><\/h1>\n\n\n\n<p class=\"has-text-align-center\"><\/p>\n<\/div>\n<\/div>\n\n\n","protected":false},"excerpt":{"rendered":"<p>Zur Namenspatronin Astrid&nbsp;Lindgren Die schwedische Schriftstellerin Astrid Lindgren (* 14.11.1907 \u2013 &nbsp;\u2020 28.01.2002) wurde in N\u00e4s in der N\u00e4he von Vimmerby \/ Sm\u00e5land geboren. Sie gilt als ber\u00fchmteste Kinderbuchautorin der Welt und schrieb, obwohl sie erst mit 37 Jahren mit dem Schreiben von Kinderb\u00fcchern angefangen hat, mehr als siebzig Bilder-, Kinder und Jugendb\u00fccher. Zu den &hellip; <a href=\"http:\/\/www.als-mg.de\/index.php\/ueber-astrid-lindgren\/\" class=\"more-link\"><span class=\"screen-reader-text\">\u00dcber Astrid-Lindgren<\/span> weiterlesen<\/a><\/p>\n","protected":false},"author":2,"featured_media":0,"parent":0,"menu_order":0,"comment_status":"closed","ping_status":"closed","template":"","meta":[],"_links":{"self":[{"href":"http:\/\/www.als-mg.de\/index.php\/wp-json\/wp\/v2\/pages\/140"}],"collection":[{"href":"http:\/\/www.als-mg.de\/index.php\/wp-json\/wp\/v2\/pages"}],"about":[{"href":"http:\/\/www.als-mg.de\/index.php\/wp-json\/wp\/v2\/types\/page"}],"author":[{"embeddable":true,"href":"http:\/\/www.als-mg.de\/index.php\/wp-json\/wp\/v2\/users\/2"}],"replies":[{"embeddable":true,"href":"http:\/\/www.als-mg.de\/index.php\/wp-json\/wp\/v2\/comments?post=140"}],"version-history":[{"count":0,"href":"http:\/\/www.als-mg.de\/index.php\/wp-json\/wp\/v2\/pages\/140\/revisions"}],"wp:attachment":[{"href":"http:\/\/www.als-mg.de\/index.php\/wp-json\/wp\/v2\/media?parent=140"}],"curies":[{"name":"wp","href":"https:\/\/api.w.org\/{rel}","templated":true}]}}