{"id":1156,"date":"2022-07-01T10:07:01","date_gmt":"2022-07-01T08:07:01","guid":{"rendered":"http:\/\/www.als-mg.de\/?page_id=1156"},"modified":"2026-03-17T19:02:07","modified_gmt":"2026-03-17T18:02:07","slug":"medienstunden","status":"publish","type":"page","link":"http:\/\/www.als-mg.de\/index.php\/medienstunden\/","title":{"rendered":"Medienstunden"},"content":{"rendered":"\n<p><strong>Programmieren mit Bee-Bots<\/strong><\/p>\n\n\n\n<p>Unsere Schule verf\u00fcgt seit kurzem \u00fcber mehrere Bee-Bots. Diese wollte die Medien-AG nat\u00fcrlich direkt einmal ausprobieren. \u00dcber mehrere Stunden erforschten die Kinder die Bee-Bots, programmierten diese, gingen auf Schatzsuche und zeichneten Bilder mit Hilfe der kleinen Roboter. <\/p>\n\n\n\n<figure class=\"wp-block-gallery columns-3 is-cropped\"><ul class=\"blocks-gallery-grid\"><li class=\"blocks-gallery-item\"><figure><img loading=\"lazy\" width=\"480\" height=\"640\" src=\"http:\/\/www.als-mg.de\/wp-content\/uploads\/2024\/04\/IMG_8664-rotated.jpg\" alt=\"\" data-id=\"1496\" data-full-url=\"http:\/\/www.als-mg.de\/wp-content\/uploads\/2024\/04\/IMG_8664-rotated.jpg\" data-link=\"http:\/\/www.als-mg.de\/index.php\/medienstunden\/img_8664\/\" class=\"wp-image-1496\" srcset=\"http:\/\/www.als-mg.de\/wp-content\/uploads\/2024\/04\/IMG_8664-rotated.jpg 480w, http:\/\/www.als-mg.de\/wp-content\/uploads\/2024\/04\/IMG_8664-225x300.jpg 225w, http:\/\/www.als-mg.de\/wp-content\/uploads\/2024\/04\/IMG_8664-81x108.jpg 81w\" sizes=\"(max-width: 480px) 100vw, 480px\" \/><\/figure><\/li><li class=\"blocks-gallery-item\"><figure><img loading=\"lazy\" width=\"480\" height=\"640\" src=\"http:\/\/www.als-mg.de\/wp-content\/uploads\/2024\/04\/IMG_8665-rotated.jpg\" alt=\"\" data-id=\"1497\" data-full-url=\"http:\/\/www.als-mg.de\/wp-content\/uploads\/2024\/04\/IMG_8665-rotated.jpg\" data-link=\"http:\/\/www.als-mg.de\/index.php\/medienstunden\/img_8665\/\" class=\"wp-image-1497\" srcset=\"http:\/\/www.als-mg.de\/wp-content\/uploads\/2024\/04\/IMG_8665-rotated.jpg 480w, http:\/\/www.als-mg.de\/wp-content\/uploads\/2024\/04\/IMG_8665-225x300.jpg 225w, http:\/\/www.als-mg.de\/wp-content\/uploads\/2024\/04\/IMG_8665-81x108.jpg 81w\" sizes=\"(max-width: 480px) 100vw, 480px\" \/><\/figure><\/li><li class=\"blocks-gallery-item\"><figure><img loading=\"lazy\" width=\"480\" height=\"640\" src=\"http:\/\/www.als-mg.de\/wp-content\/uploads\/2024\/04\/IMG_8666-rotated.jpg\" alt=\"\" data-id=\"1498\" data-full-url=\"http:\/\/www.als-mg.de\/wp-content\/uploads\/2024\/04\/IMG_8666-rotated.jpg\" data-link=\"http:\/\/www.als-mg.de\/index.php\/medienstunden\/img_8666\/\" class=\"wp-image-1498\" srcset=\"http:\/\/www.als-mg.de\/wp-content\/uploads\/2024\/04\/IMG_8666-rotated.jpg 480w, http:\/\/www.als-mg.de\/wp-content\/uploads\/2024\/04\/IMG_8666-225x300.jpg 225w, http:\/\/www.als-mg.de\/wp-content\/uploads\/2024\/04\/IMG_8666-81x108.jpg 81w\" sizes=\"(max-width: 480px) 100vw, 480px\" \/><\/figure><\/li><li class=\"blocks-gallery-item\"><figure><img loading=\"lazy\" width=\"480\" height=\"640\" src=\"http:\/\/www.als-mg.de\/wp-content\/uploads\/2024\/04\/IMG_8768-rotated.jpg\" alt=\"\" data-id=\"1499\" data-full-url=\"http:\/\/www.als-mg.de\/wp-content\/uploads\/2024\/04\/IMG_8768-rotated.jpg\" data-link=\"http:\/\/www.als-mg.de\/index.php\/medienstunden\/img_8768\/\" class=\"wp-image-1499\" srcset=\"http:\/\/www.als-mg.de\/wp-content\/uploads\/2024\/04\/IMG_8768-rotated.jpg 480w, http:\/\/www.als-mg.de\/wp-content\/uploads\/2024\/04\/IMG_8768-225x300.jpg 225w, http:\/\/www.als-mg.de\/wp-content\/uploads\/2024\/04\/IMG_8768-81x108.jpg 81w\" sizes=\"(max-width: 480px) 100vw, 480px\" \/><\/figure><\/li><li class=\"blocks-gallery-item\"><figure><img loading=\"lazy\" width=\"480\" height=\"640\" src=\"http:\/\/www.als-mg.de\/wp-content\/uploads\/2024\/04\/IMG_8769-rotated.jpg\" alt=\"\" data-id=\"1500\" data-full-url=\"http:\/\/www.als-mg.de\/wp-content\/uploads\/2024\/04\/IMG_8769-rotated.jpg\" data-link=\"http:\/\/www.als-mg.de\/index.php\/medienstunden\/img_8769\/\" class=\"wp-image-1500\" srcset=\"http:\/\/www.als-mg.de\/wp-content\/uploads\/2024\/04\/IMG_8769-rotated.jpg 480w, http:\/\/www.als-mg.de\/wp-content\/uploads\/2024\/04\/IMG_8769-225x300.jpg 225w, http:\/\/www.als-mg.de\/wp-content\/uploads\/2024\/04\/IMG_8769-81x108.jpg 81w\" sizes=\"(max-width: 480px) 100vw, 480px\" \/><\/figure><\/li><li class=\"blocks-gallery-item\"><figure><img loading=\"lazy\" width=\"640\" height=\"480\" src=\"http:\/\/www.als-mg.de\/wp-content\/uploads\/2024\/04\/IMG_8770.jpg\" alt=\"\" data-id=\"1501\" data-full-url=\"http:\/\/www.als-mg.de\/wp-content\/uploads\/2024\/04\/IMG_8770.jpg\" data-link=\"http:\/\/www.als-mg.de\/index.php\/medienstunden\/img_8770\/\" class=\"wp-image-1501\" srcset=\"http:\/\/www.als-mg.de\/wp-content\/uploads\/2024\/04\/IMG_8770.jpg 640w, http:\/\/www.als-mg.de\/wp-content\/uploads\/2024\/04\/IMG_8770-300x225.jpg 300w, http:\/\/www.als-mg.de\/wp-content\/uploads\/2024\/04\/IMG_8770-144x108.jpg 144w\" sizes=\"(max-width: 640px) 100vw, 640px\" \/><\/figure><\/li><\/ul><\/figure>\n\n\n\n<p><strong>Digitale Plakate f\u00fcr die Laternenausstellung 2022 (erstellt von Klasse 4b)<\/strong><\/p>\n\n\n\n<figure class=\"wp-block-gallery columns-2 is-cropped\"><ul class=\"blocks-gallery-grid\"><li class=\"blocks-gallery-item\"><figure><img loading=\"lazy\" width=\"1024\" height=\"617\" src=\"http:\/\/www.als-mg.de\/wp-content\/uploads\/2022\/10\/IMG_0066-1024x617.jpg\" alt=\"\" data-id=\"1256\" data-full-url=\"http:\/\/www.als-mg.de\/wp-content\/uploads\/2022\/10\/IMG_0066.jpg\" data-link=\"http:\/\/www.als-mg.de\/index.php\/medienstunden\/img_0066\/\" class=\"wp-image-1256\" srcset=\"http:\/\/www.als-mg.de\/wp-content\/uploads\/2022\/10\/IMG_0066-1024x617.jpg 1024w, http:\/\/www.als-mg.de\/wp-content\/uploads\/2022\/10\/IMG_0066-300x181.jpg 300w, http:\/\/www.als-mg.de\/wp-content\/uploads\/2022\/10\/IMG_0066-768x463.jpg 768w, http:\/\/www.als-mg.de\/wp-content\/uploads\/2022\/10\/IMG_0066-1536x926.jpg 1536w, http:\/\/www.als-mg.de\/wp-content\/uploads\/2022\/10\/IMG_0066-863x520.jpg 863w, http:\/\/www.als-mg.de\/wp-content\/uploads\/2022\/10\/IMG_0066-179x108.jpg 179w, http:\/\/www.als-mg.de\/wp-content\/uploads\/2022\/10\/IMG_0066.jpg 1881w\" sizes=\"(max-width: 1024px) 100vw, 1024px\" \/><\/figure><\/li><li class=\"blocks-gallery-item\"><figure><img loading=\"lazy\" width=\"1024\" height=\"724\" src=\"http:\/\/www.als-mg.de\/wp-content\/uploads\/2022\/10\/IMG_0053-1024x724.jpg\" alt=\"\" data-id=\"1255\" data-full-url=\"http:\/\/www.als-mg.de\/wp-content\/uploads\/2022\/10\/IMG_0053.jpg\" data-link=\"http:\/\/www.als-mg.de\/index.php\/medienstunden\/img_0053\/\" class=\"wp-image-1255\" srcset=\"http:\/\/www.als-mg.de\/wp-content\/uploads\/2022\/10\/IMG_0053-1024x724.jpg 1024w, http:\/\/www.als-mg.de\/wp-content\/uploads\/2022\/10\/IMG_0053-300x212.jpg 300w, http:\/\/www.als-mg.de\/wp-content\/uploads\/2022\/10\/IMG_0053-768x543.jpg 768w, http:\/\/www.als-mg.de\/wp-content\/uploads\/2022\/10\/IMG_0053-863x610.jpg 863w, http:\/\/www.als-mg.de\/wp-content\/uploads\/2022\/10\/IMG_0053-153x108.jpg 153w, http:\/\/www.als-mg.de\/wp-content\/uploads\/2022\/10\/IMG_0053.jpg 1316w\" sizes=\"(max-width: 1024px) 100vw, 1024px\" \/><\/figure><\/li><li class=\"blocks-gallery-item\"><figure><img loading=\"lazy\" width=\"715\" height=\"1024\" src=\"http:\/\/www.als-mg.de\/wp-content\/uploads\/2022\/10\/IMG_0092-715x1024.jpg\" alt=\"\" data-id=\"1257\" data-full-url=\"http:\/\/www.als-mg.de\/wp-content\/uploads\/2022\/10\/IMG_0092.jpg\" data-link=\"http:\/\/www.als-mg.de\/index.php\/medienstunden\/img_0092\/\" class=\"wp-image-1257\" srcset=\"http:\/\/www.als-mg.de\/wp-content\/uploads\/2022\/10\/IMG_0092-715x1024.jpg 715w, http:\/\/www.als-mg.de\/wp-content\/uploads\/2022\/10\/IMG_0092-209x300.jpg 209w, http:\/\/www.als-mg.de\/wp-content\/uploads\/2022\/10\/IMG_0092-768x1100.jpg 768w, http:\/\/www.als-mg.de\/wp-content\/uploads\/2022\/10\/IMG_0092-1072x1536.jpg 1072w, http:\/\/www.als-mg.de\/wp-content\/uploads\/2022\/10\/IMG_0092-863x1236.jpg 863w, http:\/\/www.als-mg.de\/wp-content\/uploads\/2022\/10\/IMG_0092-75x108.jpg 75w, http:\/\/www.als-mg.de\/wp-content\/uploads\/2022\/10\/IMG_0092.jpg 1320w\" sizes=\"(max-width: 715px) 100vw, 715px\" \/><\/figure><\/li><li class=\"blocks-gallery-item\"><figure><img loading=\"lazy\" width=\"728\" height=\"1024\" src=\"http:\/\/www.als-mg.de\/wp-content\/uploads\/2022\/10\/IMG_0152-728x1024.jpg\" alt=\"\" data-id=\"1261\" data-full-url=\"http:\/\/www.als-mg.de\/wp-content\/uploads\/2022\/10\/IMG_0152.jpg\" data-link=\"http:\/\/www.als-mg.de\/index.php\/medienstunden\/img_0152\/\" class=\"wp-image-1261\" srcset=\"http:\/\/www.als-mg.de\/wp-content\/uploads\/2022\/10\/IMG_0152-728x1024.jpg 728w, http:\/\/www.als-mg.de\/wp-content\/uploads\/2022\/10\/IMG_0152-213x300.jpg 213w, http:\/\/www.als-mg.de\/wp-content\/uploads\/2022\/10\/IMG_0152-768x1081.jpg 768w, http:\/\/www.als-mg.de\/wp-content\/uploads\/2022\/10\/IMG_0152-1092x1536.jpg 1092w, http:\/\/www.als-mg.de\/wp-content\/uploads\/2022\/10\/IMG_0152-863x1214.jpg 863w, http:\/\/www.als-mg.de\/wp-content\/uploads\/2022\/10\/IMG_0152-77x108.jpg 77w, http:\/\/www.als-mg.de\/wp-content\/uploads\/2022\/10\/IMG_0152.jpg 1319w\" sizes=\"(max-width: 728px) 100vw, 728px\" \/><\/figure><\/li><li class=\"blocks-gallery-item\"><figure><img loading=\"lazy\" width=\"1024\" height=\"728\" src=\"http:\/\/www.als-mg.de\/wp-content\/uploads\/2022\/10\/IMG_0099-1-1024x728.jpg\" alt=\"\" data-id=\"1258\" data-full-url=\"http:\/\/www.als-mg.de\/wp-content\/uploads\/2022\/10\/IMG_0099-1.jpg\" data-link=\"http:\/\/www.als-mg.de\/index.php\/medienstunden\/img_0099-1\/\" class=\"wp-image-1258\" srcset=\"http:\/\/www.als-mg.de\/wp-content\/uploads\/2022\/10\/IMG_0099-1-1024x728.jpg 1024w, http:\/\/www.als-mg.de\/wp-content\/uploads\/2022\/10\/IMG_0099-1-300x213.jpg 300w, http:\/\/www.als-mg.de\/wp-content\/uploads\/2022\/10\/IMG_0099-1-768x546.jpg 768w, http:\/\/www.als-mg.de\/wp-content\/uploads\/2022\/10\/IMG_0099-1-863x614.jpg 863w, http:\/\/www.als-mg.de\/wp-content\/uploads\/2022\/10\/IMG_0099-1-152x108.jpg 152w, http:\/\/www.als-mg.de\/wp-content\/uploads\/2022\/10\/IMG_0099-1.jpg 1319w\" sizes=\"(max-width: 1024px) 100vw, 1024px\" \/><\/figure><\/li><li class=\"blocks-gallery-item\"><figure><img loading=\"lazy\" width=\"1024\" height=\"717\" src=\"http:\/\/www.als-mg.de\/wp-content\/uploads\/2022\/10\/IMG_0099-2-1024x717.jpg\" alt=\"\" data-id=\"1259\" data-full-url=\"http:\/\/www.als-mg.de\/wp-content\/uploads\/2022\/10\/IMG_0099-2.jpg\" data-link=\"http:\/\/www.als-mg.de\/index.php\/medienstunden\/img_0099-2\/\" class=\"wp-image-1259\" srcset=\"http:\/\/www.als-mg.de\/wp-content\/uploads\/2022\/10\/IMG_0099-2-1024x717.jpg 1024w, http:\/\/www.als-mg.de\/wp-content\/uploads\/2022\/10\/IMG_0099-2-300x210.jpg 300w, http:\/\/www.als-mg.de\/wp-content\/uploads\/2022\/10\/IMG_0099-2-768x538.jpg 768w, http:\/\/www.als-mg.de\/wp-content\/uploads\/2022\/10\/IMG_0099-2-1536x1076.jpg 1536w, http:\/\/www.als-mg.de\/wp-content\/uploads\/2022\/10\/IMG_0099-2-863x605.jpg 863w, http:\/\/www.als-mg.de\/wp-content\/uploads\/2022\/10\/IMG_0099-2-154x108.jpg 154w, http:\/\/www.als-mg.de\/wp-content\/uploads\/2022\/10\/IMG_0099-2.jpg 1656w\" sizes=\"(max-width: 1024px) 100vw, 1024px\" \/><\/figure><\/li><li class=\"blocks-gallery-item\"><figure><img loading=\"lazy\" width=\"1024\" height=\"733\" src=\"http:\/\/www.als-mg.de\/wp-content\/uploads\/2022\/10\/IMG_0142-1024x733.jpg\" alt=\"\" data-id=\"1260\" data-full-url=\"http:\/\/www.als-mg.de\/wp-content\/uploads\/2022\/10\/IMG_0142.jpg\" data-link=\"http:\/\/www.als-mg.de\/index.php\/medienstunden\/img_0142\/\" class=\"wp-image-1260\" srcset=\"http:\/\/www.als-mg.de\/wp-content\/uploads\/2022\/10\/IMG_0142-1024x733.jpg 1024w, http:\/\/www.als-mg.de\/wp-content\/uploads\/2022\/10\/IMG_0142-300x215.jpg 300w, http:\/\/www.als-mg.de\/wp-content\/uploads\/2022\/10\/IMG_0142-768x550.jpg 768w, http:\/\/www.als-mg.de\/wp-content\/uploads\/2022\/10\/IMG_0142-863x618.jpg 863w, http:\/\/www.als-mg.de\/wp-content\/uploads\/2022\/10\/IMG_0142-151x108.jpg 151w, http:\/\/www.als-mg.de\/wp-content\/uploads\/2022\/10\/IMG_0142.jpg 1526w\" sizes=\"(max-width: 1024px) 100vw, 1024px\" \/><\/figure><\/li><li class=\"blocks-gallery-item\"><figure><img loading=\"lazy\" width=\"1024\" height=\"713\" src=\"http:\/\/www.als-mg.de\/wp-content\/uploads\/2022\/10\/IMG_0866-1024x713.jpg\" alt=\"\" data-id=\"1262\" data-full-url=\"http:\/\/www.als-mg.de\/wp-content\/uploads\/2022\/10\/IMG_0866.jpg\" data-link=\"http:\/\/www.als-mg.de\/index.php\/medienstunden\/img_0866\/\" class=\"wp-image-1262\" srcset=\"http:\/\/www.als-mg.de\/wp-content\/uploads\/2022\/10\/IMG_0866-1024x713.jpg 1024w, http:\/\/www.als-mg.de\/wp-content\/uploads\/2022\/10\/IMG_0866-300x209.jpg 300w, http:\/\/www.als-mg.de\/wp-content\/uploads\/2022\/10\/IMG_0866-768x534.jpg 768w, http:\/\/www.als-mg.de\/wp-content\/uploads\/2022\/10\/IMG_0866-863x601.jpg 863w, http:\/\/www.als-mg.de\/wp-content\/uploads\/2022\/10\/IMG_0866-155x108.jpg 155w, http:\/\/www.als-mg.de\/wp-content\/uploads\/2022\/10\/IMG_0866.jpg 1335w\" sizes=\"(max-width: 1024px) 100vw, 1024px\" \/><\/figure><\/li><\/ul><\/figure>\n","protected":false},"excerpt":{"rendered":"<p>Programmieren mit Bee-Bots Unsere Schule verf\u00fcgt seit kurzem \u00fcber mehrere Bee-Bots. Diese wollte die Medien-AG nat\u00fcrlich direkt einmal ausprobieren. \u00dcber mehrere Stunden erforschten die Kinder die Bee-Bots, programmierten diese, gingen auf Schatzsuche und zeichneten Bilder mit Hilfe der kleinen Roboter. Digitale Plakate f\u00fcr die Laternenausstellung 2022 (erstellt von Klasse 4b)<\/p>\n","protected":false},"author":2,"featured_media":0,"parent":0,"menu_order":0,"comment_status":"closed","ping_status":"closed","template":"","meta":[],"_links":{"self":[{"href":"http:\/\/www.als-mg.de\/index.php\/wp-json\/wp\/v2\/pages\/1156"}],"collection":[{"href":"http:\/\/www.als-mg.de\/index.php\/wp-json\/wp\/v2\/pages"}],"about":[{"href":"http:\/\/www.als-mg.de\/index.php\/wp-json\/wp\/v2\/types\/page"}],"author":[{"embeddable":true,"href":"http:\/\/www.als-mg.de\/index.php\/wp-json\/wp\/v2\/users\/2"}],"replies":[{"embeddable":true,"href":"http:\/\/www.als-mg.de\/index.php\/wp-json\/wp\/v2\/comments?post=1156"}],"version-history":[{"count":4,"href":"http:\/\/www.als-mg.de\/index.php\/wp-json\/wp\/v2\/pages\/1156\/revisions"}],"predecessor-version":[{"id":1761,"href":"http:\/\/www.als-mg.de\/index.php\/wp-json\/wp\/v2\/pages\/1156\/revisions\/1761"}],"wp:attachment":[{"href":"http:\/\/www.als-mg.de\/index.php\/wp-json\/wp\/v2\/media?parent=1156"}],"curies":[{"name":"wp","href":"https:\/\/api.w.org\/{rel}","templated":true}]}}