{"id":1123,"date":"2022-06-08T17:14:49","date_gmt":"2022-06-08T15:14:49","guid":{"rendered":"http:\/\/www.als-mg.de\/?page_id=1123"},"modified":"2023-10-24T16:09:34","modified_gmt":"2023-10-24T14:09:34","slug":"offene-angebote-des-fgsz","status":"publish","type":"page","link":"http:\/\/www.als-mg.de\/index.php\/familiengrundschulzentrum\/offene-angebote-des-fgsz\/","title":{"rendered":"offene Angebote des FGSZ"},"content":{"rendered":"\n<p><\/p>\n\n\n\n<p class=\"has-vivid-cyan-blue-color has-text-color\" style=\"font-size:28px\"><strong>Elterncaf\u00e9<\/strong><\/p>\n\n\n\n<p style=\"font-size:18px\">jeden Donnerstag von 8.00 Uhr &#8211; 10.00 Uhr in der R\u00e4umen der OGS<\/p>\n\n\n\n<p><\/p>\n\n\n\n<p class=\"has-vivid-cyan-blue-color has-text-color\" style=\"font-size:28px\"><strong>Deutschkurs<\/strong><\/p>\n\n\n\n<p style=\"font-size:18px\">jeden Montag von 8.15 Uhr &#8211; 9.45 Uhr in den R\u00e4umen der OGS<\/p>\n\n\n\n<p><\/p>\n\n\n\n<p class=\"has-vivid-cyan-blue-color has-text-color\" style=\"font-size:28px\"><strong>Erziehungsberatung der Erziehungsberatungsstelle MG<\/strong><\/p>\n\n\n\n<p><strong>Jeden 1. Donnerstag<\/strong> im Monat steht Ihnen Frau B. Kiratli in Erziehungsfragen beratend zur Seite. Kommen Sie einfach vorbei oder vereinbaren Sie einen Termin unter <strong>02161 \/ 25 54 341 <\/strong><\/p>\n\n\n\n<p>Zeitraum: 8.00 Uhr \u2013 10.00 Uhr (Raum: OGS) \/ bei Bedarf wird die Zeit auf 11.00 Uhr ausgeweitet.<\/p>\n\n\n\n<div class=\"wp-block-file\"><a href=\"http:\/\/www.als-mg.de\/wp-content\/uploads\/2023\/10\/Flyer_Erziehungsberatungsstelle.pdf\">Flyer_Erziehungsberatungsstelle<\/a><a href=\"http:\/\/www.als-mg.de\/wp-content\/uploads\/2023\/10\/Flyer_Erziehungsberatungsstelle.pdf\" class=\"wp-block-file__button\" download>Herunterladen<\/a><\/div>\n\n\n\n<div class=\"wp-block-file\"><a href=\"http:\/\/www.als-mg.de\/wp-content\/uploads\/2023\/10\/Informationsblatt-mobile-EB-2.pdf\">Informationsblatt-mobile-EB-2<\/a><a href=\"http:\/\/www.als-mg.de\/wp-content\/uploads\/2023\/10\/Informationsblatt-mobile-EB-2.pdf\" class=\"wp-block-file__button\" download>Herunterladen<\/a><\/div>\n\n\n\n<div class=\"wp-block-file\"><a href=\"http:\/\/www.als-mg.de\/wp-content\/uploads\/2023\/10\/Kiratli.pdf\">Kontakt Frau Kiratli<\/a><a href=\"http:\/\/www.als-mg.de\/wp-content\/uploads\/2023\/10\/Kiratli.pdf\" class=\"wp-block-file__button\" download>Herunterladen<\/a><\/div>\n\n\n\n<p class=\"has-vivid-cyan-blue-color has-text-color\" style=\"font-size:28px\"><strong>Tolle Ergebnisse erzielten die Kinder im N\u00e4hkurs<\/strong>.<\/p>\n\n\n\n<figure class=\"wp-block-image size-full is-style-rounded\"><img loading=\"lazy\" width=\"640\" height=\"480\" src=\"http:\/\/www.als-mg.de\/wp-content\/uploads\/2022\/09\/Naehkurs.jpg\" alt=\"\" class=\"wp-image-1240\" srcset=\"http:\/\/www.als-mg.de\/wp-content\/uploads\/2022\/09\/Naehkurs.jpg 640w, http:\/\/www.als-mg.de\/wp-content\/uploads\/2022\/09\/Naehkurs-300x225.jpg 300w, http:\/\/www.als-mg.de\/wp-content\/uploads\/2022\/09\/Naehkurs-144x108.jpg 144w\" sizes=\"(max-width: 640px) 100vw, 640px\" \/><\/figure>\n","protected":false},"excerpt":{"rendered":"<p>Elterncaf\u00e9 jeden Donnerstag von 8.00 Uhr &#8211; 10.00 Uhr in der R\u00e4umen der OGS Deutschkurs jeden Montag von 8.15 Uhr &#8211; 9.45 Uhr in den R\u00e4umen der OGS Erziehungsberatung der Erziehungsberatungsstelle MG Jeden 1. Donnerstag im Monat steht Ihnen Frau B. Kiratli in Erziehungsfragen beratend zur Seite. Kommen Sie einfach vorbei oder vereinbaren Sie einen &hellip; <a href=\"http:\/\/www.als-mg.de\/index.php\/familiengrundschulzentrum\/offene-angebote-des-fgsz\/\" class=\"more-link\"><span class=\"screen-reader-text\">offene Angebote des FGSZ<\/span> weiterlesen<\/a><\/p>\n","protected":false},"author":2,"featured_media":0,"parent":1105,"menu_order":0,"comment_status":"closed","ping_status":"closed","template":"","meta":[],"_links":{"self":[{"href":"http:\/\/www.als-mg.de\/index.php\/wp-json\/wp\/v2\/pages\/1123"}],"collection":[{"href":"http:\/\/www.als-mg.de\/index.php\/wp-json\/wp\/v2\/pages"}],"about":[{"href":"http:\/\/www.als-mg.de\/index.php\/wp-json\/wp\/v2\/types\/page"}],"author":[{"embeddable":true,"href":"http:\/\/www.als-mg.de\/index.php\/wp-json\/wp\/v2\/users\/2"}],"replies":[{"embeddable":true,"href":"http:\/\/www.als-mg.de\/index.php\/wp-json\/wp\/v2\/comments?post=1123"}],"version-history":[{"count":7,"href":"http:\/\/www.als-mg.de\/index.php\/wp-json\/wp\/v2\/pages\/1123\/revisions"}],"predecessor-version":[{"id":1400,"href":"http:\/\/www.als-mg.de\/index.php\/wp-json\/wp\/v2\/pages\/1123\/revisions\/1400"}],"up":[{"embeddable":true,"href":"http:\/\/www.als-mg.de\/index.php\/wp-json\/wp\/v2\/pages\/1105"}],"wp:attachment":[{"href":"http:\/\/www.als-mg.de\/index.php\/wp-json\/wp\/v2\/media?parent=1123"}],"curies":[{"name":"wp","href":"https:\/\/api.w.org\/{rel}","templated":true}]}}