{"id":102,"date":"2020-07-02T20:54:11","date_gmt":"2020-07-02T18:54:11","guid":{"rendered":"https:\/\/alsmg66.wordpress.com\/?page_id=102"},"modified":"2026-04-15T17:51:02","modified_gmt":"2026-04-15T15:51:02","slug":"das-kollegium","status":"publish","type":"page","link":"http:\/\/www.als-mg.de\/index.php\/uber-uns\/das-kollegium\/","title":{"rendered":"Das Kollegium"},"content":{"rendered":"\n<p class=\"has-text-align-left\">Unser Kollegium im Schuljahr 2025\/26 besteht aus der Schulleitung, 14 Klassenlehrer*innen, drei weiteren Lehrkr\u00e4ften, einer Lehramtsanw\u00e4rterin und einer Lehrkraft in Ausbildung (LiA), drei Sozialp\u00e4dagoginnen, einer Sonderp\u00e4dagogin, einer Schulsozialarbeiterin und einer Familiengrundschulkoordinatorin. <\/p>\n\n\n\n<figure class=\"wp-block-image size-large is-style-rounded\"><img loading=\"lazy\" width=\"1024\" height=\"683\" src=\"https:\/\/www.als-mg.de\/wp-content\/uploads\/2026\/04\/Kollegiumsfoto-2025_26-1024x683.jpg\" alt=\"\" class=\"wp-image-1766\" srcset=\"http:\/\/www.als-mg.de\/wp-content\/uploads\/2026\/04\/Kollegiumsfoto-2025_26-1024x683.jpg 1024w, http:\/\/www.als-mg.de\/wp-content\/uploads\/2026\/04\/Kollegiumsfoto-2025_26-300x200.jpg 300w, http:\/\/www.als-mg.de\/wp-content\/uploads\/2026\/04\/Kollegiumsfoto-2025_26-768x512.jpg 768w, http:\/\/www.als-mg.de\/wp-content\/uploads\/2026\/04\/Kollegiumsfoto-2025_26-1536x1024.jpg 1536w, http:\/\/www.als-mg.de\/wp-content\/uploads\/2026\/04\/Kollegiumsfoto-2025_26-2048x1365.jpg 2048w, http:\/\/www.als-mg.de\/wp-content\/uploads\/2026\/04\/Kollegiumsfoto-2025_26-863x575.jpg 863w, http:\/\/www.als-mg.de\/wp-content\/uploads\/2026\/04\/Kollegiumsfoto-2025_26-162x108.jpg 162w\" sizes=\"(max-width: 1024px) 100vw, 1024px\" \/><\/figure>\n\n\n\n<p><strong>Schulleiterin:<\/strong> Frau Jansen             <\/p>\n\n\n\n<p><strong>stellvertretende Schulleiterin:<\/strong> Frau Harbers <\/p>\n\n\n\n<hr class=\"wp-block-separator is-style-wide\"\/>\n\n\n\n<p class=\"has-normal-font-size\"><strong>Klassenlehrer*innen<\/strong><\/p>\n\n\n<p><strong>Bienenklasse <\/strong>1a: Frau Harbers<\/p>\n<p><strong>Fuchsklasse <\/strong>1b:Frau Heinrichs<\/p>\n<p><strong>Otterklasse <\/strong>1c: Frau Kaiser<\/p>\n<p><strong>Weltraumklasse <\/strong>2a: Frau Dehn<\/p>\n<p><strong>Waschb\u00e4renklasse <\/strong>2b: Frau Haupt-Wagels<\/p>\n<p><strong>L\u00f6wenklasse <\/strong>2c: Frau Temme<\/p>\n<p><strong>Affenklasse<\/strong> 3a: Frau Hanfland \/ Frau P\u00f6stges<\/p>\n<p><strong>Zebraklasse<\/strong> 3b: Frau von Contzen \/ Herr Temme<\/p>\n<p><strong>Giraffenklasse<\/strong> 3c: Frau P\u00f6stges<\/p>\n<p><strong>Koalaklasse<\/strong> 4a: Frau Kleine<\/p>\n<p><strong>Harry-Potter-Klasse <\/strong>4b: Frau Otapasidou<\/p>\n<p><strong>Mausklasse <\/strong>4c: Frau Nieweg<\/p>\n\n\n<hr class=\"wp-block-separator is-style-wide\"\/>\n\n\n\n<p><strong>weitere Lehrkr\u00e4fte:<\/strong> Frau Wingerath, Frau Kasagi\u0107, Herr Richard, Frau Jansen-Winkeln<\/p>\n\n\n\n<p><strong>Sozialp\u00e4dagoginnen:<\/strong> Frau Diepenthal, Frau Schmidt, Frau Bill<\/p>\n\n\n\n<p><strong>Sonderp\u00e4dagogin:<\/strong> Frau Fahl<\/p>\n\n\n\n<p><strong>Lehramtsanw\u00e4rterin: <\/strong>Frau de la Motte<\/p>\n\n\n\n<p><strong>Lehrkraft in Ausbildung:<\/strong> Frau Shupik<\/p>\n\n\n\n<p><strong>Schulsozialarbeiterin:<\/strong>  Frau McCann<\/p>\n\n\n\n<p><strong>Familiengrundschulkoodinatorin:<\/strong>  Frau Adolfs<\/p>\n\n\n\n<p><strong>Hausmeister:<\/strong> Herr Fenten<\/p>\n","protected":false},"excerpt":{"rendered":"<p>Unser Kollegium im Schuljahr 2025\/26 besteht aus der Schulleitung, 14 Klassenlehrer*innen, drei weiteren Lehrkr\u00e4ften, einer Lehramtsanw\u00e4rterin und einer Lehrkraft in Ausbildung (LiA), drei Sozialp\u00e4dagoginnen, einer Sonderp\u00e4dagogin, einer Schulsozialarbeiterin und einer Familiengrundschulkoordinatorin. Schulleiterin: Frau Jansen stellvertretende Schulleiterin: Frau Harbers Klassenlehrer*innen Bienenklasse 1a: Frau Harbers Fuchsklasse 1b:Frau Heinrichs Otterklasse 1c: Frau Kaiser Weltraumklasse 2a: Frau Dehn Waschb\u00e4renklasse &hellip; <a href=\"http:\/\/www.als-mg.de\/index.php\/uber-uns\/das-kollegium\/\" class=\"more-link\"><span class=\"screen-reader-text\">Das Kollegium<\/span> weiterlesen<\/a><\/p>\n","protected":false},"author":2,"featured_media":0,"parent":62,"menu_order":2,"comment_status":"closed","ping_status":"closed","template":"","meta":[],"_links":{"self":[{"href":"http:\/\/www.als-mg.de\/index.php\/wp-json\/wp\/v2\/pages\/102"}],"collection":[{"href":"http:\/\/www.als-mg.de\/index.php\/wp-json\/wp\/v2\/pages"}],"about":[{"href":"http:\/\/www.als-mg.de\/index.php\/wp-json\/wp\/v2\/types\/page"}],"author":[{"embeddable":true,"href":"http:\/\/www.als-mg.de\/index.php\/wp-json\/wp\/v2\/users\/2"}],"replies":[{"embeddable":true,"href":"http:\/\/www.als-mg.de\/index.php\/wp-json\/wp\/v2\/comments?post=102"}],"version-history":[{"count":34,"href":"http:\/\/www.als-mg.de\/index.php\/wp-json\/wp\/v2\/pages\/102\/revisions"}],"predecessor-version":[{"id":1767,"href":"http:\/\/www.als-mg.de\/index.php\/wp-json\/wp\/v2\/pages\/102\/revisions\/1767"}],"up":[{"embeddable":true,"href":"http:\/\/www.als-mg.de\/index.php\/wp-json\/wp\/v2\/pages\/62"}],"wp:attachment":[{"href":"http:\/\/www.als-mg.de\/index.php\/wp-json\/wp\/v2\/media?parent=102"}],"curies":[{"name":"wp","href":"https:\/\/api.w.org\/{rel}","templated":true}]}}